{"id":319,"date":"2023-08-27T16:21:10","date_gmt":"2023-08-27T23:21:10","guid":{"rendered":"https:\/\/surfingontheroad.com\/?page_id=319"},"modified":"2023-09-21T16:18:42","modified_gmt":"2023-09-21T23:18:42","slug":"nosotros","status":"publish","type":"page","link":"https:\/\/surfingontheroad.com\/en_us\/nosotros\/","title":{"rendered":"About Us"},"content":{"rendered":"<div data-elementor-type=\"wp-page\" data-elementor-id=\"319\" class=\"elementor elementor-319\">\n\t\t\t\t<div class=\"elementor-element elementor-element-f71ffca e-flex e-con-boxed e-con e-parent\" data-id=\"f71ffca\" data-element_type=\"container\">\n\t\t\t\t\t<div class=\"e-con-inner\">\n\t\t\t\t<div class=\"elementor-element elementor-element-85edb99 noSpace elementor-widget elementor-widget-text-editor\" data-id=\"85edb99\" data-element_type=\"widget\" data-widget_type=\"text-editor.default\">\n\t\t\t\t<div class=\"elementor-widget-container\">\n\t\t\t\t\t\t\t\t\t<p>Our Commitment!<\/p>\t\t\t\t\t\t\t\t<\/div>\n\t\t\t\t<\/div>\n\t\t\t\t<div class=\"elementor-element elementor-element-b9095c9 noSpace elementor-widget elementor-widget-text-editor\" data-id=\"b9095c9\" data-element_type=\"widget\" data-widget_type=\"text-editor.default\">\n\t\t\t\t<div class=\"elementor-widget-container\">\n\t\t\t\t\t\t\t\t\tCanc\u00fan <span class=\"dgray\">\u2022<\/span> Riviera Maya <span class=\"dgray\">\u2022<\/span> Playa del Carmen <span class=\"dgray\">\u2022<\/span> Tulum\t\t\t\t\t\t\t\t<\/div>\n\t\t\t\t<\/div>\n\t\t\t\t<div class=\"elementor-element elementor-element-d0be786 elementor-widget elementor-widget-text-editor\" data-id=\"d0be786\" data-element_type=\"widget\" data-widget_type=\"text-editor.default\">\n\t\t\t\t<div class=\"elementor-widget-container\">\n\t\t\t\t\t\t\t\t\t<p>Compartimos contigo el inter\u00e9s de otorgar un servicio de transportaci\u00f3n de excelencia y a tiempo.<br \/>We are flexible and open to proposals that improve the quality of our guests' experience.<\/p>\t\t\t\t\t\t\t\t<\/div>\n\t\t\t\t<\/div>\n\t\t\t\t\t<\/div>\n\t\t\t\t<\/div>\n\t\t<div class=\"elementor-element elementor-element-c440bcd e-flex e-con-boxed e-con e-parent\" data-id=\"c440bcd\" data-element_type=\"container\">\n\t\t\t\t\t<div class=\"e-con-inner\">\n\t\t\t\t<div class=\"elementor-element elementor-element-f22ef0f elementor-widget elementor-widget-image\" data-id=\"f22ef0f\" data-element_type=\"widget\" data-widget_type=\"image.default\">\n\t\t\t\t<div class=\"elementor-widget-container\">\n\t\t\t\t\t\t\t\t\t\t\t\t\t\t\t<img fetchpriority=\"high\" decoding=\"async\" width=\"1280\" height=\"720\" src=\"https:\/\/surfingontheroad.com\/wp-content\/uploads\/IMG-20230712-WA0140.jpg\" class=\"attachment-large size-large wp-image-1179\" alt=\"\" srcset=\"https:\/\/surfingontheroad.com\/wp-content\/uploads\/IMG-20230712-WA0140.jpg 1280w, https:\/\/surfingontheroad.com\/wp-content\/uploads\/IMG-20230712-WA0140-768x432.jpg 768w, https:\/\/surfingontheroad.com\/wp-content\/uploads\/IMG-20230712-WA0140-18x10.jpg 18w, https:\/\/surfingontheroad.com\/wp-content\/uploads\/IMG-20230712-WA0140-600x338.jpg 600w\" sizes=\"(max-width: 1280px) 100vw, 1280px\" \/>\t\t\t\t\t\t\t\t\t\t\t\t\t\t\t<\/div>\n\t\t\t\t<\/div>\n\t\t\t\t\t<\/div>\n\t\t\t\t<\/div>\n\t\t<div class=\"elementor-element elementor-element-e0da1dc e-flex e-con-boxed e-con e-parent\" data-id=\"e0da1dc\" data-element_type=\"container\">\n\t\t\t\t\t<div class=\"e-con-inner\">\n\t\t<div class=\"elementor-element elementor-element-4c575dd e-con-full e-flex e-con e-parent\" data-id=\"4c575dd\" data-element_type=\"container\">\n\t\t\t\t<div class=\"elementor-element elementor-element-3e75956 elementor-mobile-position-left elementor-position-left elementor-laptop-position-left elementor-tablet_extra-position-top elementor-tablet-position-left elementor-view-default elementor-widget elementor-widget-icon-box\" data-id=\"3e75956\" data-element_type=\"widget\" data-widget_type=\"icon-box.default\">\n\t\t\t\t<div class=\"elementor-widget-container\">\n\t\t\t\t\t\t\t<div class=\"elementor-icon-box-wrapper\">\n\n\t\t\t\t\t\t<div class=\"elementor-icon-box-icon\">\n\t\t\t\t<span  class=\"elementor-icon\">\n\t\t\t\t<i aria-hidden=\"true\" class=\"fas fa-comments\"><\/i>\t\t\t\t<\/span>\n\t\t\t<\/div>\n\t\t\t\n\t\t\t\t\t\t<div class=\"elementor-icon-box-content\">\n\n\t\t\t\t\t\t\t\t\t<h2 class=\"elementor-icon-box-title\">\n\t\t\t\t\t\t<span  >\n\t\t\t\t\t\t\tPlanning\t\t\t\t\t\t<\/span>\n\t\t\t\t\t<\/h2>\n\t\t\t\t\n\t\t\t\t\t\t\t\t\t<p class=\"elementor-icon-box-description\">\n\t\t\t\t\t\tOur executives will help you with a 24-hour service of excellence for optimal planning and organization of your groups' trips.\n<br>\nWe take care of our communication standards to provide an effective service always on time.\t\t\t\t\t<\/p>\n\t\t\t\t\n\t\t\t<\/div>\n\t\t\t\n\t\t<\/div>\n\t\t\t\t\t\t<\/div>\n\t\t\t\t<\/div>\n\t\t\t\t<\/div>\n\t\t<div class=\"elementor-element elementor-element-85a89ac e-con-full e-flex e-con e-parent\" data-id=\"85a89ac\" data-element_type=\"container\">\n\t\t\t\t<div class=\"elementor-element elementor-element-8f30746 elementor-mobile-position-left elementor-position-left elementor-laptop-position-left elementor-tablet_extra-position-top elementor-tablet-position-left elementor-view-default elementor-widget elementor-widget-icon-box\" data-id=\"8f30746\" data-element_type=\"widget\" data-widget_type=\"icon-box.default\">\n\t\t\t\t<div class=\"elementor-widget-container\">\n\t\t\t\t\t\t\t<div class=\"elementor-icon-box-wrapper\">\n\n\t\t\t\t\t\t<div class=\"elementor-icon-box-icon\">\n\t\t\t\t<span  class=\"elementor-icon\">\n\t\t\t\t<i aria-hidden=\"true\" class=\"far fa-calendar-check\"><\/i>\t\t\t\t<\/span>\n\t\t\t<\/div>\n\t\t\t\n\t\t\t\t\t\t<div class=\"elementor-icon-box-content\">\n\n\t\t\t\t\t\t\t\t\t<h2 class=\"elementor-icon-box-title\">\n\t\t\t\t\t\t<span  >\n\t\t\t\t\t\t\tLogistics\t\t\t\t\t\t<\/span>\n\t\t\t\t\t<\/h2>\n\t\t\t\t\n\t\t\t\t\t\t\t\t\t<p class=\"elementor-icon-box-description\">\n\t\t\t\t\t\tWe are prepared to execute the planning in a timely manner, attached\nto the protocols of the new normal during the COVID-19 pandemic.\nWe remain alert to face last-minute eventualities.\t\t\t\t\t<\/p>\n\t\t\t\t\n\t\t\t<\/div>\n\t\t\t\n\t\t<\/div>\n\t\t\t\t\t\t<\/div>\n\t\t\t\t<\/div>\n\t\t\t\t<\/div>\n\t\t<div class=\"elementor-element elementor-element-06f2eac e-con-full e-flex e-con e-parent\" data-id=\"06f2eac\" data-element_type=\"container\">\n\t\t\t\t<div class=\"elementor-element elementor-element-68d8765 elementor-mobile-position-left elementor-position-left elementor-laptop-position-left elementor-tablet_extra-position-top elementor-tablet-position-left elementor-view-default elementor-widget elementor-widget-icon-box\" data-id=\"68d8765\" data-element_type=\"widget\" data-widget_type=\"icon-box.default\">\n\t\t\t\t<div class=\"elementor-widget-container\">\n\t\t\t\t\t\t\t<div class=\"elementor-icon-box-wrapper\">\n\n\t\t\t\t\t\t<div class=\"elementor-icon-box-icon\">\n\t\t\t\t<span  class=\"elementor-icon\">\n\t\t\t\t<i aria-hidden=\"true\" class=\"fas fa-handshake\"><\/i>\t\t\t\t<\/span>\n\t\t\t<\/div>\n\t\t\t\n\t\t\t\t\t\t<div class=\"elementor-icon-box-content\">\n\n\t\t\t\t\t\t\t\t\t<h2 class=\"elementor-icon-box-title\">\n\t\t\t\t\t\t<span  >\n\t\t\t\t\t\t\tExcellence\t\t\t\t\t\t<\/span>\n\t\t\t\t\t<\/h2>\n\t\t\t\t\n\t\t\t\t\t\t\t\t\t<p class=\"elementor-icon-box-description\">\n\t\t\t\t\t\tWe are characterized by providing an excellent service.\nFrom the first contact with the client until dismissing them.\nWe are supported by 10 years of service in Riviera Maya and Cancun\t\t\t\t\t<\/p>\n\t\t\t\t\n\t\t\t<\/div>\n\t\t\t\n\t\t<\/div>\n\t\t\t\t\t\t<\/div>\n\t\t\t\t<\/div>\n\t\t\t\t<\/div>\n\t\t\t\t\t<\/div>\n\t\t\t\t<\/div>\n\t\t<div class=\"elementor-element elementor-element-7a050fc e-flex e-con-boxed e-con e-parent\" data-id=\"7a050fc\" data-element_type=\"container\">\n\t\t\t\t\t<div class=\"e-con-inner\">\n\t\t\t\t<div class=\"elementor-element elementor-element-c53f952 elementor-widget elementor-widget-image\" data-id=\"c53f952\" data-element_type=\"widget\" data-widget_type=\"image.default\">\n\t\t\t\t<div class=\"elementor-widget-container\">\n\t\t\t\t\t\t\t\t\t\t\t\t\t\t\t<img decoding=\"async\" width=\"1280\" height=\"960\" src=\"https:\/\/surfingontheroad.com\/wp-content\/uploads\/IMG-20230725-WA0025.jpg\" class=\"attachment-large size-large wp-image-1180\" alt=\"\" srcset=\"https:\/\/surfingontheroad.com\/wp-content\/uploads\/IMG-20230725-WA0025.jpg 1280w, https:\/\/surfingontheroad.com\/wp-content\/uploads\/IMG-20230725-WA0025-768x576.jpg 768w, https:\/\/surfingontheroad.com\/wp-content\/uploads\/IMG-20230725-WA0025-16x12.jpg 16w, https:\/\/surfingontheroad.com\/wp-content\/uploads\/IMG-20230725-WA0025-600x450.jpg 600w\" sizes=\"(max-width: 1280px) 100vw, 1280px\" \/>\t\t\t\t\t\t\t\t\t\t\t\t\t\t\t<\/div>\n\t\t\t\t<\/div>\n\t\t\t\t\t<\/div>\n\t\t\t\t<\/div>\n\t\t\t\t<\/div>","protected":false},"excerpt":{"rendered":"<p>Nuestro Compromiso! Canc\u00fan \u2022 Riviera Maya \u2022 Playa del Carmen \u2022 Tulum Compartimos contigo el inter\u00e9s de otorgar un servicio de transportaci\u00f3n de excelencia y a tiempo.Somos flexibles y abiertos a propuestas que mejoren la calidad en la experiencia de nuestros hu\u00e9spedes. Planeaci\u00f3n Nuestros ejecutivos te ayudar\u00e1n con un servicio de excelencia las 24 horas [&hellip;]<\/p>","protected":false},"author":1,"featured_media":0,"parent":0,"menu_order":0,"comment_status":"closed","ping_status":"closed","template":"","meta":{"footnotes":""},"class_list":["post-319","page","type-page","status-publish","hentry"],"_links":{"self":[{"href":"https:\/\/surfingontheroad.com\/en_us\/wp-json\/wp\/v2\/pages\/319","targetHints":{"allow":["GET"]}}],"collection":[{"href":"https:\/\/surfingontheroad.com\/en_us\/wp-json\/wp\/v2\/pages"}],"about":[{"href":"https:\/\/surfingontheroad.com\/en_us\/wp-json\/wp\/v2\/types\/page"}],"author":[{"embeddable":true,"href":"https:\/\/surfingontheroad.com\/en_us\/wp-json\/wp\/v2\/users\/1"}],"replies":[{"embeddable":true,"href":"https:\/\/surfingontheroad.com\/en_us\/wp-json\/wp\/v2\/comments?post=319"}],"version-history":[{"count":259,"href":"https:\/\/surfingontheroad.com\/en_us\/wp-json\/wp\/v2\/pages\/319\/revisions"}],"predecessor-version":[{"id":1474,"href":"https:\/\/surfingontheroad.com\/en_us\/wp-json\/wp\/v2\/pages\/319\/revisions\/1474"}],"wp:attachment":[{"href":"https:\/\/surfingontheroad.com\/en_us\/wp-json\/wp\/v2\/media?parent=319"}],"curies":[{"name":"wp","href":"https:\/\/api.w.org\/{rel}","templated":true}]}}