{"id":1369,"date":"2023-09-21T09:38:37","date_gmt":"2023-09-21T16:38:37","guid":{"rendered":"https:\/\/surfingontheroad.com\/?page_id=1369"},"modified":"2025-09-04T18:40:45","modified_gmt":"2025-09-05T01:40:45","slug":"nuestros-tours","status":"publish","type":"page","link":"https:\/\/surfingontheroad.com\/en_us\/nuestros-tours\/","title":{"rendered":"Tours"},"content":{"rendered":"<div data-elementor-type=\"wp-page\" data-elementor-id=\"1369\" class=\"elementor elementor-1369\">\n\t\t\t\t<div class=\"elementor-element elementor-element-4094ab7 e-flex e-con-boxed e-con e-parent\" data-id=\"4094ab7\" data-element_type=\"container\">\n\t\t\t\t\t<div class=\"e-con-inner\">\n\t\t\t\t<div class=\"elementor-element elementor-element-07972b5 elementor-widget elementor-widget-shortcode\" data-id=\"07972b5\" data-element_type=\"widget\" data-widget_type=\"shortcode.default\">\n\t\t\t\t<div class=\"elementor-widget-container\">\n\t\t\t\t\t\t\t<div class=\"elementor-shortcode\"><div class=\"container-fluid overflow-hidden\"><div class=\"row\">            <div class=\"tour-card col-12 col-md-6 col-xl-4 p-2\">\n                <div class=\"container-fluid overflow-hidden cardInner pb-2\">\n                <div class=\"row\">\n                    <div class=\"col-12 p-0\">\n                        <div class=\"featured-image\"><img decoding=\"async\" width=\"1080\" height=\"800\" src=\"https:\/\/surfingontheroad.com\/wp-content\/uploads\/1080-x-800-1080-x-800-px.png\" class=\"attachment-large size-large wp-post-image\" alt=\"\" srcset=\"https:\/\/surfingontheroad.com\/wp-content\/uploads\/1080-x-800-1080-x-800-px.png 1080w, https:\/\/surfingontheroad.com\/wp-content\/uploads\/1080-x-800-1080-x-800-px-768x569.png 768w, https:\/\/surfingontheroad.com\/wp-content\/uploads\/1080-x-800-1080-x-800-px-16x12.png 16w, https:\/\/surfingontheroad.com\/wp-content\/uploads\/1080-x-800-1080-x-800-px-600x444.png 600w\" sizes=\"(max-width: 1080px) 100vw, 1080px\" \/><\/div>                    <\/div>\n                    <div class=\"col-12 p-0 text-center cardTitletour py-lg-2\">\n                        <span class=\"cardTitle\">Yates en Cancun<\/span>\n                    <\/div>\n                    <div class=\"col-6 p-0 text-center cardPais\">\n                        <p class=\"noSpace\"><i class=\"fas fa-globe-americas\"><\/i> Mexico<\/p>\n                    <\/div>\n                    <div class=\"col-6 p-0 text-center cardRegion\">\n                        <p class=\"noSpace\"><i class=\"fas fa-map-pin\"><\/i> Cancun<\/p>\n                    <\/div>\n                    <div class=\"col-12 text-center cardContent\">\n                        <h2 data-start=\"205\" data-end=\"249\">\ud83c\udf34 <strong data-start=\"211\" data-end=\"247\">Tour a Isla Mujeres en Yate de lujo<\/strong><\/h2>\n<p data-start=\"250\" data-end=\"302\"><em data-start=\"250\" data-end=\"302\">Navega, disfruta y rel\u00e1jate en el para\u00edso caribe\u00f1o<\/em><\/p>\n<p data-start=\"304\" data-end=\"666\">Vive una experiencia inolvidable navegando en Yate rumbo a Isla Mujeres. Durante el recorrido, tendr\u00e1s la oportunidad de hacer snorkel en uno de los arrecifes m\u00e1s impresionantes del Caribe mexicano (actividad sujeta a condiciones del clima). Si el mar lo permite, tambi\u00e9n visitar\u00e1s zonas de aguas cristalinas tipo blanquizales donde podr\u00e1s nadar libremente.<\/p>\n<p data-start=\"668\" data-end=\"871\">El paseo contin\u00faa bordeando la hermosa bah\u00eda de Isla Mujeres hasta llegar a <strong data-start=\"744\" data-end=\"759\">Playa Norte<\/strong>, considerada una de las mejores playas del mundo, donde el catamar\u00e1n ancla para que disfrutes del sol y el mar.<\/p>\n<p data-start=\"873\" data-end=\"1050\">Luego tendr\u00e1s <strong data-start=\"887\" data-end=\"932\">tiempo libre en el centro de Isla Mujeres<\/strong>, donde podr\u00e1s explorar sus tiendas, caminar por sus coloridas calles o disfrutar una comida frente al mar (opcional).<\/p>\n<p data-start=\"1052\" data-end=\"1153\">Finalmente, regresar\u00e1s en catamar\u00e1n hacia Canc\u00fan con m\u00fasica, barra libre a bordo y el mejor ambiente.<\/p>\n <!-- Display the post content (description) -->\n                    <\/div>\n                    <div class=\"col-12 text-center cardPrecio\">\n                        <p>\n                            <span class=\"precioTitle\"><i class=\"fas fa-tags\"><\/i> Starting at<br><\/span>\n                            <span class=\"precioText\">Desde 12000<\/span>\n                         <\/p>\n                    <\/div>\n                    <div class=\"col-12 text-center cardDuracion\">\n                        <p><i class=\"fas fa-history\"><\/i> Duraci\u00f3n: 7 hrs<\/p>\n                    <\/div>\n                    \n                    <div class=\"col-12 text-center cardButtontour\">\n                        <button><i class=\"fas fa-calendar-check\"><\/i> <a href=\"https:\/\/wa.me\/5219841388860\">Info &amp; reservations<\/a><\/button>\n                    <\/div>\n                <\/div>\n                <\/div>\n            <\/div>\n                        <div class=\"tour-card col-12 col-md-6 col-xl-4 p-2\">\n                <div class=\"container-fluid overflow-hidden cardInner pb-2\">\n                <div class=\"row\">\n                    <div class=\"col-12 p-0\">\n                        <div class=\"featured-image\"><img decoding=\"async\" width=\"1080\" height=\"800\" src=\"https:\/\/surfingontheroad.com\/wp-content\/uploads\/tour_xelha.webp\" class=\"attachment-large size-large wp-post-image\" alt=\"\" srcset=\"https:\/\/surfingontheroad.com\/wp-content\/uploads\/tour_xelha.webp 1080w, https:\/\/surfingontheroad.com\/wp-content\/uploads\/tour_xelha-768x569.webp 768w, https:\/\/surfingontheroad.com\/wp-content\/uploads\/tour_xelha-16x12.webp 16w, https:\/\/surfingontheroad.com\/wp-content\/uploads\/tour_xelha-600x444.webp 600w\" sizes=\"(max-width: 1080px) 100vw, 1080px\" \/><\/div>                    <\/div>\n                    <div class=\"col-12 p-0 text-center cardTitletour py-lg-2\">\n                        <span class=\"cardTitle\">Xelha Park<\/span>\n                    <\/div>\n                    <div class=\"col-6 p-0 text-center cardPais\">\n                        <p class=\"noSpace\"><i class=\"fas fa-globe-americas\"><\/i> Mexico<\/p>\n                    <\/div>\n                    <div class=\"col-6 p-0 text-center cardRegion\">\n                        <p class=\"noSpace\"><i class=\"fas fa-map-pin\"><\/i> Riviera Maya<\/p>\n                    <\/div>\n                    <div class=\"col-12 text-center cardContent\">\n                        <p>Admira el paisaje natural mas impresionante la Rivera Maya, Faro Mirador 40 metros de altura.<\/p>\n<p>20 atracciones acu\u00e1ticas y terrestres.<\/p>\n<p>Incluye Bufete, bebidas con y sin alcohol ilimitadas.<\/p>\n<p>El Acuario Natural mas grande del Mundo<\/p>\n<p>Incluye Transportaci\u00f3n Redonda desde Playa del Carmen y Riviera Maya<\/p>\n <!-- Display the post content (description) -->\n                    <\/div>\n                    <div class=\"col-12 text-center cardPrecio\">\n                        <p>\n                            <span class=\"precioTitle\"><i class=\"fas fa-tags\"><\/i> Starting at<br><\/span>\n                            <span class=\"precioText\">Adulto: 144 USD \/ Menor: 107 USD<\/span>\n                         <\/p>\n                    <\/div>\n                    <div class=\"col-12 text-center cardDuracion\">\n                        <p><i class=\"fas fa-history\"><\/i> Activity: All day<\/p>\n                    <\/div>\n                    \n                    <div class=\"col-12 text-center cardButtontour\">\n                        <button><i class=\"fas fa-calendar-check\"><\/i> <a href=\"https:\/\/wa.me\/5219841388860?text=Hola%20me%20interesa%20el%20tour:%20Parque%20Xelha\">Info &amp; reservations<\/a><\/button>\n                    <\/div>\n                <\/div>\n                <\/div>\n            <\/div>\n                        <div class=\"tour-card col-12 col-md-6 col-xl-4 p-2\">\n                <div class=\"container-fluid overflow-hidden cardInner pb-2\">\n                <div class=\"row\">\n                    <div class=\"col-12 p-0\">\n                        <div class=\"featured-image\"><img loading=\"lazy\" decoding=\"async\" width=\"2560\" height=\"1711\" src=\"https:\/\/surfingontheroad.com\/wp-content\/uploads\/DSC_0001-scaled.jpg\" class=\"attachment-large size-large wp-post-image\" alt=\"\" srcset=\"https:\/\/surfingontheroad.com\/wp-content\/uploads\/DSC_0001-scaled.jpg 2560w, https:\/\/surfingontheroad.com\/wp-content\/uploads\/DSC_0001-768x513.jpg 768w, https:\/\/surfingontheroad.com\/wp-content\/uploads\/DSC_0001-1536x1027.jpg 1536w, https:\/\/surfingontheroad.com\/wp-content\/uploads\/DSC_0001-2048x1369.jpg 2048w, https:\/\/surfingontheroad.com\/wp-content\/uploads\/DSC_0001-18x12.jpg 18w, https:\/\/surfingontheroad.com\/wp-content\/uploads\/DSC_0001-600x401.jpg 600w\" sizes=\"(max-width: 2560px) 100vw, 2560px\" \/><\/div>                    <\/div>\n                    <div class=\"col-12 p-0 text-center cardTitletour py-lg-2\">\n                        <span class=\"cardTitle\">Parque Kantunchi<\/span>\n                    <\/div>\n                    <div class=\"col-6 p-0 text-center cardPais\">\n                        <p class=\"noSpace\"><i class=\"fas fa-globe-americas\"><\/i> Mexico<\/p>\n                    <\/div>\n                    <div class=\"col-6 p-0 text-center cardRegion\">\n                        <p class=\"noSpace\"><i class=\"fas fa-map-pin\"><\/i> Riviera Maya<\/p>\n                    <\/div>\n                    <div class=\"col-12 text-center cardContent\">\n                        <p>Impresionante lugar donde podr\u00e1s encontrar 5 cenotes abiertos y cerrados y una majestuosa caverna.<\/p>\n<p>El tour Grutaventura visitaras la caverna y 5 cenotes todo el recorrido de la mano de un experto gu\u00eda, tambi\u00e9n disfrutaras de una rica comida a la carta con 3 opciones de comida t\u00edpica y aguas de frutas naturales.<\/p>\n<p>Incluye Transportacion Redonda desde Playa del Carmen o Riviera Maya<img fetchpriority=\"high\" decoding=\"async\" class=\"alignnone wp-image-1751 size-full\" src=\"https:\/\/surfingontheroad.com\/wp-content\/uploads\/DSC_0082-scaled.jpg\" alt=\"\" width=\"2560\" height=\"1711\" srcset=\"https:\/\/surfingontheroad.com\/wp-content\/uploads\/DSC_0082-scaled.jpg 2560w, https:\/\/surfingontheroad.com\/wp-content\/uploads\/DSC_0082-768x513.jpg 768w, https:\/\/surfingontheroad.com\/wp-content\/uploads\/DSC_0082-1536x1027.jpg 1536w, https:\/\/surfingontheroad.com\/wp-content\/uploads\/DSC_0082-2048x1369.jpg 2048w, https:\/\/surfingontheroad.com\/wp-content\/uploads\/DSC_0082-18x12.jpg 18w, https:\/\/surfingontheroad.com\/wp-content\/uploads\/DSC_0082-600x401.jpg 600w\" sizes=\"(max-width: 2560px) 100vw, 2560px\" \/><\/p>\n<p>&nbsp;<\/p>\n <!-- Display the post content (description) -->\n                    <\/div>\n                    <div class=\"col-12 text-center cardPrecio\">\n                        <p>\n                            <span class=\"precioTitle\"><i class=\"fas fa-tags\"><\/i> Starting at<br><\/span>\n                            <span class=\"precioText\">Adulto: 139 usd Menor: 85 usd<\/span>\n                         <\/p>\n                    <\/div>\n                    <div class=\"col-12 text-center cardDuracion\">\n                        <p><i class=\"fas fa-history\"><\/i> Duraci\u00f3n: 8 HORAS<\/p>\n                    <\/div>\n                    \n                    <div class=\"col-12 text-center cardButtontour\">\n                        <button><i class=\"fas fa-calendar-check\"><\/i> <a href=\"https:\/\/wa.me\/5219841388860?text=Hola%20me%20interesa%20el%20tour:%20Parque%20kantunchi\">Info &amp; reservations<\/a><\/button>\n                    <\/div>\n                <\/div>\n                <\/div>\n            <\/div>\n            <\/div><\/div><div class=\"pagination\"><span aria-label=\"Page 1\" aria-current=\"page\" class=\"page-numbers current\" data-no-translation-aria-label=\"\">1<\/span>\n<a aria-label=\"Page 2\" class=\"page-numbers\" href=\"https:\/\/surfingontheroad.com\/en_us\/wp-json\/wp\/v2\/pages\/1369\/page\/2\/\" data-no-translation-aria-label=\"\">2<\/a>\n<a class=\"next page-numbers\" href=\"https:\/\/surfingontheroad.com\/en_us\/wp-json\/wp\/v2\/pages\/1369\/page\/2\/\">Next &raquo;<\/a><\/div><\/div>\n\t\t\t\t\t\t<\/div>\n\t\t\t\t<\/div>\n\t\t\t\t\t<\/div>\n\t\t\t\t<\/div>\n\t\t\t\t<\/div>","protected":false},"excerpt":{"rendered":"","protected":false},"author":1,"featured_media":0,"parent":0,"menu_order":0,"comment_status":"closed","ping_status":"closed","template":"elementor_header_footer","meta":{"footnotes":""},"class_list":["post-1369","page","type-page","status-publish","hentry"],"_links":{"self":[{"href":"https:\/\/surfingontheroad.com\/en_us\/wp-json\/wp\/v2\/pages\/1369","targetHints":{"allow":["GET"]}}],"collection":[{"href":"https:\/\/surfingontheroad.com\/en_us\/wp-json\/wp\/v2\/pages"}],"about":[{"href":"https:\/\/surfingontheroad.com\/en_us\/wp-json\/wp\/v2\/types\/page"}],"author":[{"embeddable":true,"href":"https:\/\/surfingontheroad.com\/en_us\/wp-json\/wp\/v2\/users\/1"}],"replies":[{"embeddable":true,"href":"https:\/\/surfingontheroad.com\/en_us\/wp-json\/wp\/v2\/comments?post=1369"}],"version-history":[{"count":19,"href":"https:\/\/surfingontheroad.com\/en_us\/wp-json\/wp\/v2\/pages\/1369\/revisions"}],"predecessor-version":[{"id":1811,"href":"https:\/\/surfingontheroad.com\/en_us\/wp-json\/wp\/v2\/pages\/1369\/revisions\/1811"}],"wp:attachment":[{"href":"https:\/\/surfingontheroad.com\/en_us\/wp-json\/wp\/v2\/media?parent=1369"}],"curies":[{"name":"wp","href":"https:\/\/api.w.org\/{rel}","templated":true}]}}